{"id":666,"date":"2025-06-17T09:22:10","date_gmt":"2025-06-17T07:22:10","guid":{"rendered":"https:\/\/www.amgaerostructure.com\/contact-us\/"},"modified":"2025-10-30T12:13:23","modified_gmt":"2025-10-30T11:13:23","slug":"contact-us","status":"publish","type":"page","link":"https:\/\/www.amgaerostructure.com\/en\/contact-us\/","title":{"rendered":"Contact us"},"content":{"rendered":"<p><div class=\"fusion-fullwidth fullwidth-box fusion-builder-row-1 fusion-flex-container has-pattern-background has-mask-background nonhundred-percent-fullwidth non-hundred-percent-height-scrolling\" style=\"--awb-border-radius-top-left:0px;--awb-border-radius-top-right:0px;--awb-border-radius-bottom-right:0px;--awb-border-radius-bottom-left:0px;--awb-margin-top:60px;--awb-margin-bottom:45px;--awb-flex-wrap:wrap;\" ><div class=\"fusion-builder-row fusion-row fusion-flex-align-items-flex-start fusion-flex-content-wrap\" style=\"max-width:1456px;margin-left: calc(-4% \/ 2 );margin-right: calc(-4% \/ 2 );\"><div class=\"fusion-layout-column fusion_builder_column fusion-builder-column-0 fusion_builder_column_1_1 1_1 fusion-flex-column\" style=\"--awb-padding-left-small:25px;--awb-bg-size:cover;--awb-width-large:100%;--awb-margin-top-large:0px;--awb-spacing-right-large:1.92%;--awb-margin-bottom-large:20px;--awb-spacing-left-large:1.92%;--awb-width-medium:100%;--awb-order-medium:0;--awb-spacing-right-medium:1.92%;--awb-spacing-left-medium:1.92%;--awb-width-small:100%;--awb-order-small:0;--awb-spacing-right-small:1.92%;--awb-spacing-left-small:1.92%;\" data-scroll-devices=\"small-visibility,medium-visibility,large-visibility\"><div class=\"fusion-column-wrapper fusion-column-has-shadow fusion-flex-justify-content-flex-start fusion-content-layout-column\"><div class=\"fusion-title title fusion-title-1 fusion-sep-none fusion-title-center fusion-title-text fusion-title-size-one\" style=\"--awb-text-color:var(--awb-color4);\"><h1 class=\"fusion-title-heading title-heading-center fusion-responsive-typography-calculated\" style=\"margin:0;--fontSize:50;line-height:1.2;\">Contact us<\/h1><\/div><\/div><\/div><\/div><\/div>\n<div class=\"fusion-fullwidth fullwidth-box fusion-builder-row-2 fusion-flex-container has-pattern-background has-mask-background nonhundred-percent-fullwidth non-hundred-percent-height-scrolling\" style=\"--awb-border-radius-top-left:0px;--awb-border-radius-top-right:0px;--awb-border-radius-bottom-right:0px;--awb-border-radius-bottom-left:0px;--awb-margin-bottom:50px;--awb-flex-wrap:wrap;\" ><div class=\"fusion-builder-row fusion-row fusion-flex-align-items-flex-start fusion-flex-content-wrap\" style=\"max-width:1456px;margin-left: calc(-4% \/ 2 );margin-right: calc(-4% \/ 2 );\"><div class=\"fusion-layout-column fusion_builder_column fusion-builder-column-1 fusion_builder_column_1_1 1_1 fusion-flex-column\" style=\"--awb-bg-size:cover;--awb-width-large:100%;--awb-margin-top-large:0px;--awb-spacing-right-large:1.92%;--awb-margin-bottom-large:20px;--awb-spacing-left-large:1.92%;--awb-width-medium:100%;--awb-order-medium:0;--awb-spacing-right-medium:1.92%;--awb-spacing-left-medium:1.92%;--awb-width-small:100%;--awb-order-small:0;--awb-spacing-right-small:1.92%;--awb-spacing-left-small:1.92%;\"><div class=\"fusion-column-wrapper fusion-column-has-shadow fusion-flex-justify-content-flex-start fusion-content-layout-column\"><div class=\"fusion-title title fusion-title-2 fusion-sep-none fusion-title-center fusion-title-text fusion-title-size-two\" style=\"--awb-text-color:var(--awb-color5);\"><h2 class=\"fusion-title-heading title-heading-center fusion-responsive-typography-calculated\" style=\"margin:0;--fontSize:40;line-height:var(--awb-typography1-line-height);\"><p><span style=\"color: #e20613;\">Urgent need for technical expertise?<\/span><br \/>\nQuestions about our services?<\/p><\/h2><\/div><div class=\"fusion-text fusion-text-1\"><p style=\"text-align: center;\">Our teams are standing by to propose tailored solutions adapted to your industrial challenges.<\/p>\n<\/div><\/div><\/div><\/div><\/div><div class=\"fusion-fullwidth fullwidth-box fusion-builder-row-3 fusion-flex-container has-pattern-background has-mask-background nonhundred-percent-fullwidth non-hundred-percent-height-scrolling\" style=\"--awb-border-radius-top-left:0px;--awb-border-radius-top-right:0px;--awb-border-radius-bottom-right:0px;--awb-border-radius-bottom-left:0px;--awb-margin-bottom:100px;--awb-flex-wrap:wrap;\" ><div class=\"fusion-builder-row fusion-row fusion-flex-align-items-flex-start fusion-flex-justify-content-center fusion-flex-content-wrap\" style=\"max-width:1456px;margin-left: calc(-4% \/ 2 );margin-right: calc(-4% \/ 2 );\"><div class=\"fusion-layout-column fusion_builder_column fusion-builder-column-2 fusion_builder_column_1_3 1_3 fusion-flex-column fusion-flex-align-self-center\" style=\"--awb-bg-size:cover;--awb-width-large:33.333333333333%;--awb-margin-top-large:0px;--awb-spacing-right-large:5.76%;--awb-margin-bottom-large:20px;--awb-spacing-left-large:5.76%;--awb-width-medium:33.333333333333%;--awb-order-medium:0;--awb-spacing-right-medium:5.76%;--awb-spacing-left-medium:5.76%;--awb-width-small:100%;--awb-order-small:0;--awb-spacing-right-small:1.92%;--awb-spacing-left-small:1.92%;\" data-scroll-devices=\"small-visibility,medium-visibility,large-visibility\"><div class=\"fusion-column-wrapper fusion-column-has-shadow fusion-flex-justify-content-flex-start fusion-content-layout-column\"><div class=\"fusion-image-element \" style=\"text-align:center;--awb-max-width:200px;--awb-caption-title-font-family:var(--h2_typography-font-family);--awb-caption-title-font-weight:var(--h2_typography-font-weight);--awb-caption-title-font-style:var(--h2_typography-font-style);--awb-caption-title-size:var(--h2_typography-font-size);--awb-caption-title-transform:var(--h2_typography-text-transform);--awb-caption-title-line-height:var(--h2_typography-line-height);--awb-caption-title-letter-spacing:var(--h2_typography-letter-spacing);\"><span class=\" fusion-imageframe imageframe-none imageframe-1 hover-type-none\"><img decoding=\"async\" width=\"600\" height=\"600\" src=\"https:\/\/www.amgaerostructure.com\/wp-content\/uploads\/2025\/06\/Said-Chouhani.webp\" alt class=\"img-responsive wp-image-667\" srcset=\"https:\/\/www.amgaerostructure.com\/wp-content\/uploads\/2025\/06\/Said-Chouhani-66x66.webp 66w, https:\/\/www.amgaerostructure.com\/wp-content\/uploads\/2025\/06\/Said-Chouhani-150x150.webp 150w, https:\/\/www.amgaerostructure.com\/wp-content\/uploads\/2025\/06\/Said-Chouhani-200x200.webp 200w, https:\/\/www.amgaerostructure.com\/wp-content\/uploads\/2025\/06\/Said-Chouhani-300x300.webp 300w, https:\/\/www.amgaerostructure.com\/wp-content\/uploads\/2025\/06\/Said-Chouhani-400x400.webp 400w, https:\/\/www.amgaerostructure.com\/wp-content\/uploads\/2025\/06\/Said-Chouhani.webp 600w\" sizes=\"(max-width: 640px) 100vw, 600px\" \/><\/span><\/div><div class=\"fusion-title title fusion-title-3 fusion-sep-none fusion-title-center fusion-title-text fusion-title-size-three\" style=\"--awb-text-color:var(--awb-color5);\"><h3 class=\"fusion-title-heading title-heading-center fusion-responsive-typography-calculated\" style=\"margin:0;--fontSize:30;line-height:var(--awb-typography1-line-height);\"><p><span style=\"color: #e20613;\">Sa\u00efd Chouhani<\/span><br \/>\nCEO<\/p><\/h3><\/div><div class=\"fusion-title title fusion-title-4 fusion-sep-none fusion-title-center fusion-title-text fusion-title-size-three fusion-animated\" style=\"--awb-text-color:var(--awb-color5);--awb-margin-bottom:0px;--awb-animation-color:var(--awb-color4);\" data-animationType=\"revealIn\" data-animationDuration=\"0.8\" data-animationOffset=\"top-into-view\"><h3 class=\"fusion-title-heading title-heading-center fusion-responsive-typography-calculated\" style=\"margin:0;--fontSize:30;line-height:var(--awb-typography1-line-height);\">+33 6 58 33 46 07<\/h3><\/div><div class=\"fusion-text fusion-text-2 fusion-text-no-margin\" style=\"--awb-margin-bottom:0px;\"><p style=\"text-align: center;\"><span style=\"color: #030024;\"><a style=\"color: #030024;\" href=\"mailto:chouhani.said@amgaerostructure.com\">chouhani.said@amgaerostructure.com<\/a><\/span><\/p>\n<\/div><div class=\"fusion-social-links fusion-social-links-1\" style=\"--awb-margin-top:0px;--awb-margin-right:0px;--awb-margin-bottom:0px;--awb-margin-left:0px;--awb-alignment:center;--awb-box-border-top:0px;--awb-box-border-right:0px;--awb-box-border-bottom:0px;--awb-box-border-left:0px;--awb-icon-colors-hover:var(--awb-color4);--awb-box-colors-hover:var(--awb-color1);--awb-box-border-color:var(--awb-color3);--awb-box-border-color-hover:var(--awb-color4);\"><div class=\"fusion-social-networks color-type-custom\"><div class=\"fusion-social-networks-wrapper\"><a class=\"fusion-social-network-icon fusion-tooltip fusion-linkedin awb-icon-linkedin\" style=\"color:var(--awb-color6);font-size:16px;\" data-placement=\"top\" data-title=\"LinkedIn\" data-toggle=\"tooltip\" title=\"LinkedIn\" aria-label=\"linkedin\" target=\"_blank\" rel=\"noopener noreferrer\" href=\"https:\/\/www.linkedin.com\/in\/a-m-g-aerostructure-industry-7a9b3a12b\/\"><\/a><\/div><\/div><\/div><\/div><\/div><div class=\"fusion-layout-column fusion_builder_column fusion-builder-column-3 fusion_builder_column_2_3 2_3 fusion-flex-column\" style=\"--awb-bg-size:cover;--awb-width-large:66.666666666667%;--awb-margin-top-large:0px;--awb-spacing-right-large:2.88%;--awb-margin-bottom-large:20px;--awb-spacing-left-large:2.88%;--awb-width-medium:66.666666666667%;--awb-order-medium:0;--awb-spacing-right-medium:2.88%;--awb-spacing-left-medium:2.88%;--awb-width-small:100%;--awb-order-small:0;--awb-spacing-right-small:1.92%;--awb-spacing-left-small:1.92%;\"><div class=\"fusion-column-wrapper fusion-column-has-shadow fusion-flex-justify-content-flex-start fusion-content-layout-column\"><div class=\"fusion-title title fusion-title-5 fusion-sep-none fusion-title-center fusion-title-text fusion-title-size-three\"><h3 class=\"fusion-title-heading title-heading-center fusion-responsive-typography-calculated\" style=\"margin:0;--fontSize:30;line-height:var(--awb-typography1-line-height);\">Write to Us<\/h3><\/div><div class=\"fusion-text fusion-text-3\"><p style=\"text-align: center;\">To contact us in writing, please complete the form below.<\/p>\n<\/div><style id=\"wpforms-css-vars-311\">\n\t\t\t\t#wpforms-311 {\n\t\t\t\t--wpforms-container-padding: 0px;\n--wpforms-container-border-width: 1px;\n--wpforms-container-border-radius: 3px;\n--wpforms-background-color: rgba(0, 0, 0, 0);\n--wpforms-field-size-input-height: 43px;\n--wpforms-field-size-input-spacing: 15px;\n--wpforms-field-size-font-size: 16px;\n--wpforms-field-size-line-height: 19px;\n--wpforms-field-size-padding-h: 14px;\n--wpforms-field-size-checkbox-size: 16px;\n--wpforms-field-size-sublabel-spacing: 5px;\n--wpforms-field-size-icon-size: 1;\n--wpforms-label-size-font-size: 16px;\n--wpforms-label-size-line-height: 19px;\n--wpforms-label-size-sublabel-font-size: 14px;\n--wpforms-label-size-sublabel-line-height: 17px;\n--wpforms-button-size-font-size: 17px;\n--wpforms-button-size-height: 41px;\n--wpforms-button-size-padding-h: 15px;\n--wpforms-button-size-margin-top: 10px;\n--wpforms-container-shadow-size-box-shadow: none;\n\t\t\t}\n\t\t\t<\/style><div class=\"wpforms-container wpforms-container-full wpforms-render-modern\" id=\"wpforms-311\"><form id=\"wpforms-form-311\" class=\"wpforms-validate wpforms-form wpforms-ajax-form\" data-formid=\"311\" method=\"post\" enctype=\"multipart\/form-data\" action=\"\/en\/wp-json\/wp\/v2\/pages\/666\" data-token=\"c758469f783dc3f18233224691655027\" data-token-time=\"1776793873\"><noscript class=\"wpforms-error-noscript\">Please enable JavaScript in your browser to complete this form.<\/noscript><div id=\"wpforms-error-noscript\" style=\"display: none;\">Please enable JavaScript in your browser to complete this form.<\/div><div class=\"wpforms-field-container\"><div id=\"wpforms-311-field_1-container\" class=\"wpforms-field wpforms-field-name\" data-field-id=\"1\"><fieldset><legend class=\"wpforms-field-label wpforms-label-hide\" aria-hidden=\"false\">Full Name <span class=\"wpforms-required-label\" aria-hidden=\"true\">*<\/span><\/legend><div class=\"wpforms-field-row wpforms-field-large\"><div class=\"wpforms-field-row-block wpforms-first wpforms-one-half\"><input type=\"text\" id=\"wpforms-311-field_1\" class=\"wpforms-field-name-first wpforms-field-required\" name=\"wpforms[fields][1][first]\" placeholder=\"Last Name*\" aria-errormessage=\"wpforms-311-field_1-error\" required><label for=\"wpforms-311-field_1\" class=\"wpforms-field-sublabel after wpforms-sublabel-hide\">First<\/label><\/div><div class=\"wpforms-field-row-block wpforms-one-half\"><input type=\"text\" id=\"wpforms-311-field_1-last\" class=\"wpforms-field-name-last wpforms-field-required\" name=\"wpforms[fields][1][last]\" placeholder=\"First Name*\" aria-errormessage=\"wpforms-311-field_1-last-error\" required><label for=\"wpforms-311-field_1-last\" class=\"wpforms-field-sublabel after wpforms-sublabel-hide\">Last<\/label><\/div><\/div><\/fieldset><\/div><div id=\"wpforms-311-field_9-container\" class=\"wpforms-field wpforms-field-text\" data-field-id=\"9\"><label class=\"wpforms-field-label wpforms-label-hide\" for=\"wpforms-311-field_9\" aria-hidden=\"false\">Company Name<\/label><input type=\"text\" id=\"wpforms-311-field_9\" class=\"wpforms-field-large\" name=\"wpforms[fields][9]\" placeholder=\"Your Company Name (if applicable)\" aria-errormessage=\"wpforms-311-field_9-error\" ><\/div><div id=\"wpforms-311-field_2-container\" class=\"wpforms-field wpforms-field-email wpforms-one-half wpforms-first\" data-field-id=\"2\"><label class=\"wpforms-field-label wpforms-label-hide\" for=\"wpforms-311-field_2\" aria-hidden=\"false\">Email <span class=\"wpforms-required-label\" aria-hidden=\"true\">*<\/span><\/label><input type=\"email\" id=\"wpforms-311-field_2\" class=\"wpforms-field-large wpforms-field-required\" name=\"wpforms[fields][2]\" placeholder=\"Your email*\" spellcheck=\"false\" aria-errormessage=\"wpforms-311-field_2-error\" required><\/div><div id=\"wpforms-311-field_5-container\" class=\"wpforms-field wpforms-field-text wpforms-one-half\" data-field-id=\"5\"><label class=\"wpforms-field-label wpforms-label-hide\" for=\"wpforms-311-field_5\" aria-hidden=\"false\">Phone Number<\/label><input type=\"text\" id=\"wpforms-311-field_5\" class=\"wpforms-field-large\" name=\"wpforms[fields][5]\" placeholder=\"Your Phone Number\" aria-errormessage=\"wpforms-311-field_5-error\" ><\/div><div id=\"wpforms-311-field_6-container\" class=\"wpforms-field wpforms-field-number wpforms-one-half wpforms-first\" data-field-id=\"6\"><label class=\"wpforms-field-label wpforms-label-hide\" for=\"wpforms-311-field_6\" aria-hidden=\"false\">Postal Code<\/label><input type=\"number\" id=\"wpforms-311-field_6\" class=\"wpforms-field-large\" name=\"wpforms[fields][6]\" placeholder=\"Postal Code\" step=\"any\" aria-errormessage=\"wpforms-311-field_6-error\" ><\/div><div id=\"wpforms-311-field_7-container\" class=\"wpforms-field wpforms-field-text wpforms-one-half\" data-field-id=\"7\"><label class=\"wpforms-field-label wpforms-label-hide\" for=\"wpforms-311-field_7\" aria-hidden=\"false\">City <span class=\"wpforms-required-label\" aria-hidden=\"true\">*<\/span><\/label><input type=\"text\" id=\"wpforms-311-field_7\" class=\"wpforms-field-large wpforms-field-required\" name=\"wpforms[fields][7]\" placeholder=\"City*\" aria-errormessage=\"wpforms-311-field_7-error\" required><\/div>\t\t<div id=\"wpforms-311-field_4-container\"\n\t\t\tclass=\"wpforms-field wpforms-field-text\"\n\t\t\tdata-field-type=\"text\"\n\t\t\tdata-field-id=\"4\"\n\t\t\t>\n\t\t\t<label class=\"wpforms-field-label\" for=\"wpforms-311-field_4\" >GDPR Postal Email<\/label>\n\t\t\t<input type=\"text\" id=\"wpforms-311-field_4\" class=\"wpforms-field-medium\" name=\"wpforms[fields][4]\" >\n\t\t<\/div>\n\t\t<div id=\"wpforms-311-field_3-container\" class=\"wpforms-field wpforms-field-textarea\" data-field-id=\"3\"><label class=\"wpforms-field-label wpforms-label-hide\" for=\"wpforms-311-field_3\" aria-hidden=\"false\">Your message <span class=\"wpforms-required-label\" aria-hidden=\"true\">*<\/span><\/label><textarea id=\"wpforms-311-field_3\" class=\"wpforms-field-large wpforms-field-required\" name=\"wpforms[fields][3]\" placeholder=\"Your message*\" aria-errormessage=\"wpforms-311-field_3-error\" required><\/textarea><\/div><div id=\"wpforms-311-field_8-container\" class=\"wpforms-field wpforms-field-gdpr-checkbox\" data-field-id=\"8\"><label class=\"wpforms-field-label\">GDPR Acceptance <span class=\"wpforms-required-label\" aria-hidden=\"true\">*<\/span><\/label><ul id=\"wpforms-311-field_8\" class=\"wpforms-field-required\"><li class=\"choice-1\"><input type=\"checkbox\" id=\"wpforms-311-field_8_1\" name=\"wpforms[fields][8][]\" value=\"By submitting this form, I agree that the information entered will be transmitted to AMG A\u00e9rostructure in accordance with its Privacy Policy.&quot;\" aria-errormessage=\"wpforms-311-field_8_1-error\" required ><label class=\"wpforms-field-label-inline\" for=\"wpforms-311-field_8_1\">By submitting this form, I agree that the information entered will be transmitted to AMG A\u00e9rostructure in accordance with its Privacy Policy.\"<\/label><\/li><\/ul><\/div><script>\n\t\t\t\t( function() {\n\t\t\t\t\tconst style = document.createElement( 'style' );\n\t\t\t\t\tstyle.appendChild( document.createTextNode( '#wpforms-311-field_4-container { position: absolute !important; overflow: hidden !important; display: inline !important; height: 1px !important; width: 1px !important; z-index: -1000 !important; padding: 0 !important; } #wpforms-311-field_4-container input { visibility: hidden; } #wpforms-conversational-form-page #wpforms-311-field_4-container label { counter-increment: none; }' ) );\n\t\t\t\t\tdocument.head.appendChild( style );\n\t\t\t\t\tdocument.currentScript?.remove();\n\t\t\t\t} )();\n\t\t\t<\/script><\/div><!-- .wpforms-field-container --><div class=\"wpforms-recaptcha-container wpforms-is-recaptcha wpforms-is-recaptcha-type-v3\" ><input type=\"hidden\" name=\"wpforms[recaptcha]\" value=\"\"><\/div><div class=\"wpforms-submit-container\" ><input type=\"hidden\" name=\"wpforms[id]\" value=\"311\"><input type=\"hidden\" name=\"page_title\" value=\"\"><input type=\"hidden\" name=\"page_url\" value=\"https:\/\/www.amgaerostructure.com\/en\/wp-json\/wp\/v2\/pages\/666\"><input type=\"hidden\" name=\"url_referer\" value=\"\"><button type=\"submit\" name=\"wpforms[submit]\" id=\"wpforms-submit-311\" class=\"wpforms-submit\" data-alt-text=\"Sending...\" data-submit-text=\"Send\" aria-live=\"assertive\" value=\"wpforms-submit\">Send<\/button><img decoding=\"async\" src=\"https:\/\/www.amgaerostructure.com\/wp-content\/plugins\/wpforms-lite\/assets\/images\/submit-spin.svg\" class=\"wpforms-submit-spinner\" style=\"display: none;\" width=\"26\" height=\"26\" alt=\"Loading\"><\/div><\/form><\/div>  <!-- .wpforms-container --><\/div><\/div><\/div><\/div><\/p>\n","protected":false},"excerpt":{"rendered":"","protected":false},"author":1,"featured_media":0,"parent":0,"menu_order":0,"comment_status":"closed","ping_status":"closed","template":"100-width.php","meta":{"footnotes":""},"class_list":["post-666","page","type-page","status-publish","hentry"],"yoast_head":"<!-- This site is optimized with the Yoast SEO plugin v26.2 - https:\/\/yoast.com\/wordpress\/plugins\/seo\/ -->\n<title>Contact us - AMG A\u00e9rostructure Aeronautical Subcontracting.<\/title>\n<meta name=\"description\" content=\"AMG A\u00e9rostructure, Aeronautical Subcontracting. Need aeronautical support? Contact us via form, email, or phone.\" \/>\n<meta name=\"robots\" content=\"index, follow, max-snippet:-1, max-image-preview:large, max-video-preview:-1\" \/>\n<link rel=\"canonical\" href=\"https:\/\/www.amgaerostructure.com\/en\/contact-us\/\" \/>\n<meta property=\"og:locale\" content=\"en_US\" \/>\n<meta property=\"og:type\" content=\"article\" \/>\n<meta property=\"og:title\" content=\"Contact us - AMG A\u00e9rostructure Aeronautical Subcontracting.\" \/>\n<meta property=\"og:description\" content=\"AMG A\u00e9rostructure, Aeronautical Subcontracting. Need aeronautical support? Contact us via form, email, or phone.\" \/>\n<meta property=\"og:url\" content=\"https:\/\/www.amgaerostructure.com\/en\/contact-us\/\" \/>\n<meta property=\"og:site_name\" content=\"AMG A\u00e9rostructure\" \/>\n<meta property=\"article:modified_time\" content=\"2025-10-30T11:13:23+00:00\" \/>\n<meta name=\"twitter:card\" content=\"summary_large_image\" \/>\n<script type=\"application\/ld+json\" class=\"yoast-schema-graph\">{\"@context\":\"https:\/\/schema.org\",\"@graph\":[{\"@type\":\"WebPage\",\"@id\":\"https:\/\/www.amgaerostructure.com\/en\/contact-us\/\",\"url\":\"https:\/\/www.amgaerostructure.com\/en\/contact-us\/\",\"name\":\"Contact us - AMG A\u00e9rostructure Aeronautical Subcontracting.\",\"isPartOf\":{\"@id\":\"https:\/\/www.amgaerostructure.com\/en\/#website\"},\"datePublished\":\"2025-06-17T07:22:10+00:00\",\"dateModified\":\"2025-10-30T11:13:23+00:00\",\"description\":\"AMG A\u00e9rostructure, Aeronautical Subcontracting. Need aeronautical support? Contact us via form, email, or phone.\",\"breadcrumb\":{\"@id\":\"https:\/\/www.amgaerostructure.com\/en\/contact-us\/#breadcrumb\"},\"inLanguage\":\"en-US\",\"potentialAction\":[{\"@type\":\"ReadAction\",\"target\":[\"https:\/\/www.amgaerostructure.com\/en\/contact-us\/\"]}]},{\"@type\":\"BreadcrumbList\",\"@id\":\"https:\/\/www.amgaerostructure.com\/en\/contact-us\/#breadcrumb\",\"itemListElement\":[{\"@type\":\"ListItem\",\"position\":1,\"name\":\"Accueil\",\"item\":\"https:\/\/www.amgaerostructure.com\/en\/home\/\"},{\"@type\":\"ListItem\",\"position\":2,\"name\":\"Contact us\"}]},{\"@type\":\"WebSite\",\"@id\":\"https:\/\/www.amgaerostructure.com\/en\/#website\",\"url\":\"https:\/\/www.amgaerostructure.com\/en\/\",\"name\":\"AMG A\u00e9rostructure - Sp\u00e9cialiste de la sous-traitance a\u00e9ronautique\",\"description\":\"\",\"publisher\":{\"@id\":\"https:\/\/www.amgaerostructure.com\/en\/#organization\"},\"potentialAction\":[{\"@type\":\"SearchAction\",\"target\":{\"@type\":\"EntryPoint\",\"urlTemplate\":\"https:\/\/www.amgaerostructure.com\/en\/?s={search_term_string}\"},\"query-input\":{\"@type\":\"PropertyValueSpecification\",\"valueRequired\":true,\"valueName\":\"search_term_string\"}}],\"inLanguage\":\"en-US\"},{\"@type\":\"Organization\",\"@id\":\"https:\/\/www.amgaerostructure.com\/en\/#organization\",\"name\":\"AMG A\u00e9rostructure\",\"url\":\"https:\/\/www.amgaerostructure.com\/en\/\",\"logo\":{\"@type\":\"ImageObject\",\"inLanguage\":\"en-US\",\"@id\":\"https:\/\/www.amgaerostructure.com\/en\/#\/schema\/logo\/image\/\",\"url\":\"https:\/\/www.amgaerostructure.com\/wp-content\/uploads\/2025\/06\/Logo-AMG-Aerostructure.svg\",\"contentUrl\":\"https:\/\/www.amgaerostructure.com\/wp-content\/uploads\/2025\/06\/Logo-AMG-Aerostructure.svg\",\"width\":200,\"height\":86,\"caption\":\"AMG A\u00e9rostructure\"},\"image\":{\"@id\":\"https:\/\/www.amgaerostructure.com\/en\/#\/schema\/logo\/image\/\"},\"sameAs\":[\"https:\/\/www.linkedin.com\/in\/a-m-g-aerostructure-industry-7a9b3a12b\/\"]}]}<\/script>\n<!-- \/ Yoast SEO plugin. -->","yoast_head_json":{"title":"Contact us - AMG A\u00e9rostructure Aeronautical Subcontracting.","description":"AMG A\u00e9rostructure, Aeronautical Subcontracting. Need aeronautical support? Contact us via form, email, or phone.","robots":{"index":"index","follow":"follow","max-snippet":"max-snippet:-1","max-image-preview":"max-image-preview:large","max-video-preview":"max-video-preview:-1"},"canonical":"https:\/\/www.amgaerostructure.com\/en\/contact-us\/","og_locale":"en_US","og_type":"article","og_title":"Contact us - AMG A\u00e9rostructure Aeronautical Subcontracting.","og_description":"AMG A\u00e9rostructure, Aeronautical Subcontracting. Need aeronautical support? Contact us via form, email, or phone.","og_url":"https:\/\/www.amgaerostructure.com\/en\/contact-us\/","og_site_name":"AMG A\u00e9rostructure","article_modified_time":"2025-10-30T11:13:23+00:00","twitter_card":"summary_large_image","schema":{"@context":"https:\/\/schema.org","@graph":[{"@type":"WebPage","@id":"https:\/\/www.amgaerostructure.com\/en\/contact-us\/","url":"https:\/\/www.amgaerostructure.com\/en\/contact-us\/","name":"Contact us - AMG A\u00e9rostructure Aeronautical Subcontracting.","isPartOf":{"@id":"https:\/\/www.amgaerostructure.com\/en\/#website"},"datePublished":"2025-06-17T07:22:10+00:00","dateModified":"2025-10-30T11:13:23+00:00","description":"AMG A\u00e9rostructure, Aeronautical Subcontracting. Need aeronautical support? Contact us via form, email, or phone.","breadcrumb":{"@id":"https:\/\/www.amgaerostructure.com\/en\/contact-us\/#breadcrumb"},"inLanguage":"en-US","potentialAction":[{"@type":"ReadAction","target":["https:\/\/www.amgaerostructure.com\/en\/contact-us\/"]}]},{"@type":"BreadcrumbList","@id":"https:\/\/www.amgaerostructure.com\/en\/contact-us\/#breadcrumb","itemListElement":[{"@type":"ListItem","position":1,"name":"Accueil","item":"https:\/\/www.amgaerostructure.com\/en\/home\/"},{"@type":"ListItem","position":2,"name":"Contact us"}]},{"@type":"WebSite","@id":"https:\/\/www.amgaerostructure.com\/en\/#website","url":"https:\/\/www.amgaerostructure.com\/en\/","name":"AMG A\u00e9rostructure - Sp\u00e9cialiste de la sous-traitance a\u00e9ronautique","description":"","publisher":{"@id":"https:\/\/www.amgaerostructure.com\/en\/#organization"},"potentialAction":[{"@type":"SearchAction","target":{"@type":"EntryPoint","urlTemplate":"https:\/\/www.amgaerostructure.com\/en\/?s={search_term_string}"},"query-input":{"@type":"PropertyValueSpecification","valueRequired":true,"valueName":"search_term_string"}}],"inLanguage":"en-US"},{"@type":"Organization","@id":"https:\/\/www.amgaerostructure.com\/en\/#organization","name":"AMG A\u00e9rostructure","url":"https:\/\/www.amgaerostructure.com\/en\/","logo":{"@type":"ImageObject","inLanguage":"en-US","@id":"https:\/\/www.amgaerostructure.com\/en\/#\/schema\/logo\/image\/","url":"https:\/\/www.amgaerostructure.com\/wp-content\/uploads\/2025\/06\/Logo-AMG-Aerostructure.svg","contentUrl":"https:\/\/www.amgaerostructure.com\/wp-content\/uploads\/2025\/06\/Logo-AMG-Aerostructure.svg","width":200,"height":86,"caption":"AMG A\u00e9rostructure"},"image":{"@id":"https:\/\/www.amgaerostructure.com\/en\/#\/schema\/logo\/image\/"},"sameAs":["https:\/\/www.linkedin.com\/in\/a-m-g-aerostructure-industry-7a9b3a12b\/"]}]}},"_links":{"self":[{"href":"https:\/\/www.amgaerostructure.com\/en\/wp-json\/wp\/v2\/pages\/666","targetHints":{"allow":["GET"]}}],"collection":[{"href":"https:\/\/www.amgaerostructure.com\/en\/wp-json\/wp\/v2\/pages"}],"about":[{"href":"https:\/\/www.amgaerostructure.com\/en\/wp-json\/wp\/v2\/types\/page"}],"author":[{"embeddable":true,"href":"https:\/\/www.amgaerostructure.com\/en\/wp-json\/wp\/v2\/users\/1"}],"replies":[{"embeddable":true,"href":"https:\/\/www.amgaerostructure.com\/en\/wp-json\/wp\/v2\/comments?post=666"}],"version-history":[{"count":0,"href":"https:\/\/www.amgaerostructure.com\/en\/wp-json\/wp\/v2\/pages\/666\/revisions"}],"wp:attachment":[{"href":"https:\/\/www.amgaerostructure.com\/en\/wp-json\/wp\/v2\/media?parent=666"}],"curies":[{"name":"wp","href":"https:\/\/api.w.org\/{rel}","templated":true}]}}