{"id":661,"date":"2025-06-17T09:22:02","date_gmt":"2025-06-17T07:22:02","guid":{"rendered":"https:\/\/www.amgaerostructure.com\/flagship-projects\/"},"modified":"2025-10-30T12:07:34","modified_gmt":"2025-10-30T11:07:34","slug":"flagship-projects","status":"publish","type":"page","link":"https:\/\/www.amgaerostructure.com\/en\/flagship-projects\/","title":{"rendered":"Flagship Projects"},"content":{"rendered":"<p><div class=\"fusion-fullwidth fullwidth-box fusion-builder-row-1 fusion-flex-container has-pattern-background has-mask-background nonhundred-percent-fullwidth non-hundred-percent-height-scrolling\" style=\"--awb-border-radius-top-left:0px;--awb-border-radius-top-right:0px;--awb-border-radius-bottom-right:0px;--awb-border-radius-bottom-left:0px;--awb-margin-top:60px;--awb-margin-bottom:45px;--awb-flex-wrap:wrap;\" ><div class=\"fusion-builder-row fusion-row fusion-flex-align-items-flex-start fusion-flex-content-wrap\" style=\"max-width:1456px;margin-left: calc(-4% \/ 2 );margin-right: calc(-4% \/ 2 );\"><div class=\"fusion-layout-column fusion_builder_column fusion-builder-column-0 fusion_builder_column_1_1 1_1 fusion-flex-column\" style=\"--awb-padding-left-small:25px;--awb-bg-size:cover;--awb-width-large:100%;--awb-margin-top-large:0px;--awb-spacing-right-large:1.92%;--awb-margin-bottom-large:20px;--awb-spacing-left-large:1.92%;--awb-width-medium:100%;--awb-order-medium:0;--awb-spacing-right-medium:1.92%;--awb-spacing-left-medium:1.92%;--awb-width-small:100%;--awb-order-small:0;--awb-spacing-right-small:1.92%;--awb-spacing-left-small:1.92%;\" data-scroll-devices=\"small-visibility,medium-visibility,large-visibility\"><div class=\"fusion-column-wrapper fusion-column-has-shadow fusion-flex-justify-content-flex-start fusion-content-layout-column\"><div class=\"fusion-title title fusion-title-1 fusion-sep-none fusion-title-center fusion-title-text fusion-title-size-one\" style=\"--awb-text-color:var(--awb-color4);\"><h1 class=\"fusion-title-heading title-heading-center fusion-responsive-typography-calculated\" style=\"margin:0;--fontSize:50;line-height:1.2;\">Flagship Projects<\/h1><\/div><\/div><\/div><\/div><\/div>\n<div class=\"fusion-fullwidth fullwidth-box fusion-builder-row-2 fusion-flex-container has-pattern-background has-mask-background nonhundred-percent-fullwidth non-hundred-percent-height-scrolling\" style=\"--awb-border-radius-top-left:0px;--awb-border-radius-top-right:0px;--awb-border-radius-bottom-right:0px;--awb-border-radius-bottom-left:0px;--awb-margin-bottom:100px;--awb-flex-wrap:wrap;\" ><div class=\"fusion-builder-row fusion-row fusion-flex-align-items-center fusion-flex-justify-content-center fusion-flex-content-wrap\" style=\"max-width:1456px;margin-left: calc(-4% \/ 2 );margin-right: calc(-4% \/ 2 );\"><div class=\"fusion-layout-column fusion_builder_column fusion-builder-column-1 fusion_builder_column_2_3 2_3 fusion-flex-column\" style=\"--awb-bg-size:cover;--awb-width-large:66.666666666667%;--awb-margin-top-large:0px;--awb-spacing-right-large:2.88%;--awb-margin-bottom-large:20px;--awb-spacing-left-large:2.88%;--awb-width-medium:66.666666666667%;--awb-order-medium:0;--awb-spacing-right-medium:2.88%;--awb-spacing-left-medium:2.88%;--awb-width-small:100%;--awb-order-small:0;--awb-spacing-right-small:1.92%;--awb-spacing-left-small:1.92%;\"><div class=\"fusion-column-wrapper fusion-column-has-shadow fusion-flex-justify-content-flex-start fusion-content-layout-column\"><div class=\"fusion-text fusion-text-1\"><p style=\"text-align: justify;\">Since its creation, AMG A\u00e9rostructure has supported major players in the aeronautics sector on high-value-added missions. Thanks to our hands-on approach, our pool of specialized skills, and our responsiveness, we have contributed to the success of numerous critical projects, both in France and internationally. <\/p>\n<\/div><\/div><\/div><\/div><\/div><div class=\"fusion-fullwidth fullwidth-box fusion-builder-row-3 fusion-flex-container has-pattern-background has-mask-background nonhundred-percent-fullwidth non-hundred-percent-height-scrolling\" style=\"--awb-border-radius-top-left:0px;--awb-border-radius-top-right:0px;--awb-border-radius-bottom-right:0px;--awb-border-radius-bottom-left:0px;--awb-margin-bottom:100px;--awb-flex-wrap:wrap;\" ><div class=\"fusion-builder-row fusion-row fusion-flex-align-items-stretch fusion-flex-justify-content-center fusion-flex-content-wrap\" style=\"max-width:1456px;margin-left: calc(-4% \/ 2 );margin-right: calc(-4% \/ 2 );\"><div class=\"fusion-layout-column fusion_builder_column fusion-builder-column-2 fusion_builder_column_1_2 1_2 fusion-flex-column fusion-flex-align-self-center fusion-animated\" style=\"--awb-bg-size:cover;--awb-width-large:50%;--awb-margin-top-large:0px;--awb-spacing-right-large:3.84%;--awb-margin-bottom-large:20px;--awb-spacing-left-large:3.84%;--awb-width-medium:50%;--awb-order-medium:0;--awb-spacing-right-medium:3.84%;--awb-spacing-left-medium:3.84%;--awb-width-small:100%;--awb-order-small:0;--awb-spacing-right-small:1.92%;--awb-spacing-left-small:1.92%;\" data-animationType=\"zoomIn\" data-animationDuration=\"0.8\" data-animationOffset=\"top-into-view\" data-scroll-devices=\"small-visibility,medium-visibility,large-visibility\"><div class=\"fusion-column-wrapper fusion-column-has-shadow fusion-flex-justify-content-center fusion-content-layout-column\"><div class=\"fusion-image-element \" style=\"--awb-caption-title-font-family:var(--h2_typography-font-family);--awb-caption-title-font-weight:var(--h2_typography-font-weight);--awb-caption-title-font-style:var(--h2_typography-font-style);--awb-caption-title-size:var(--h2_typography-font-size);--awb-caption-title-transform:var(--h2_typography-text-transform);--awb-caption-title-line-height:var(--h2_typography-line-height);--awb-caption-title-letter-spacing:var(--h2_typography-letter-spacing);\"><span class=\" fusion-imageframe imageframe-none imageframe-1 hover-type-none\"><img decoding=\"async\" width=\"1080\" height=\"720\" src=\"https:\/\/www.amgaerostructure.com\/wp-content\/uploads\/2025\/07\/illustration-projet1.webp\" alt class=\"img-responsive wp-image-642\" srcset=\"https:\/\/www.amgaerostructure.com\/wp-content\/uploads\/2025\/07\/illustration-projet1-200x133.webp 200w, https:\/\/www.amgaerostructure.com\/wp-content\/uploads\/2025\/07\/illustration-projet1-300x200.webp 300w, https:\/\/www.amgaerostructure.com\/wp-content\/uploads\/2025\/07\/illustration-projet1-400x267.webp 400w, https:\/\/www.amgaerostructure.com\/wp-content\/uploads\/2025\/07\/illustration-projet1-600x400.webp 600w, https:\/\/www.amgaerostructure.com\/wp-content\/uploads\/2025\/07\/illustration-projet1-768x512.webp 768w, https:\/\/www.amgaerostructure.com\/wp-content\/uploads\/2025\/07\/illustration-projet1-800x533.webp 800w, https:\/\/www.amgaerostructure.com\/wp-content\/uploads\/2025\/07\/illustration-projet1-1024x683.webp 1024w, https:\/\/www.amgaerostructure.com\/wp-content\/uploads\/2025\/07\/illustration-projet1.webp 1080w\" sizes=\"(max-width: 640px) 100vw, 800px\" \/><\/span><\/div><\/div><\/div><div class=\"fusion-layout-column fusion_builder_column fusion-builder-column-3 fusion_builder_column_1_2 1_2 fusion-flex-column fusion-flex-align-self-center fusion-animated\" style=\"--awb-bg-size:cover;--awb-width-large:50%;--awb-margin-top-large:0px;--awb-spacing-right-large:3.84%;--awb-margin-bottom-large:20px;--awb-spacing-left-large:3.84%;--awb-width-medium:50%;--awb-order-medium:0;--awb-spacing-right-medium:3.84%;--awb-spacing-left-medium:3.84%;--awb-width-small:100%;--awb-order-small:0;--awb-spacing-right-small:1.92%;--awb-spacing-left-small:1.92%;\" data-animationType=\"slideShortInRight\" data-animationDuration=\"0.8\" data-animationOffset=\"top-into-view\" data-scroll-devices=\"small-visibility,medium-visibility,large-visibility\"><div class=\"fusion-column-wrapper fusion-column-has-shadow fusion-flex-justify-content-center fusion-content-layout-column\"><div class=\"fusion-title title fusion-title-2 fusion-sep-none fusion-title-center fusion-title-text fusion-title-size-two\" style=\"--awb-text-color:var(--awb-color5);--awb-margin-bottom:0px;\"><h2 class=\"fusion-title-heading title-heading-center fusion-responsive-typography-calculated\" style=\"margin:0;--fontSize:40;line-height:var(--awb-typography1-line-height);\">A320 Program &#8211; Airbus Atlantic<\/h2><\/div><div class=\"fusion-title title fusion-title-3 fusion-sep-none fusion-title-center fusion-title-text fusion-title-size-three\" style=\"--awb-text-color:var(--awb-color4);--awb-margin-bottom:0px;\"><h3 class=\"fusion-title-heading title-heading-center fusion-responsive-typography-calculated\" style=\"margin:0;--fontSize:30;line-height:var(--awb-typography1-line-height);\">Strategic Technical Reinforcement<\/h3><\/div><div class=\"fusion-text fusion-text-2\" style=\"--awb-margin-top:25px;\"><p style=\"text-align: justify;\"><span style=\"font-size: 14pt;\">The Context<br \/>\n<\/span>At an A320 assembly site, a tier 1 client was facing a <strong>critical delay <\/strong>on the<strong> lower and upper wing panels<\/strong>, impacting the entire production chain.<\/p>\n<p style=\"text-align: justify;\"><span style=\"font-size: 14pt;\"><strong> The AMG Solution<\/strong><\/span><\/p>\n<ul style=\"text-align: justify;\">\n<li>Deployment of <strong>8 qualified fitter-assemblers in less than 10 days<\/strong><\/li>\n<li>Integration in <strong>shifts (2&#215;8)<\/strong> with<strong> dedicated AMG supervision<\/strong><\/li>\n<li><strong>Direct coordination<\/strong> with the client&#8217;s methods teams to ensure a <strong>smooth production ramp-up<\/strong><\/li>\n<\/ul>\n<p style=\"text-align: justify;\"><strong>The Result for Our Client<\/strong><br \/>\nA return to a controlled production rate and the securing of on-time deliveries.<\/p>\n<\/div><\/div><\/div><\/div><\/div><div class=\"fusion-fullwidth fullwidth-box fusion-builder-row-4 fusion-flex-container has-pattern-background has-mask-background nonhundred-percent-fullwidth non-hundred-percent-height-scrolling\" style=\"--awb-border-radius-top-left:0px;--awb-border-radius-top-right:0px;--awb-border-radius-bottom-right:0px;--awb-border-radius-bottom-left:0px;--awb-margin-bottom:100px;--awb-flex-wrap:wrap;\" ><div class=\"fusion-builder-row fusion-row fusion-flex-align-items-stretch fusion-flex-justify-content-center fusion-flex-content-wrap\" style=\"max-width:1456px;margin-left: calc(-4% \/ 2 );margin-right: calc(-4% \/ 2 );\"><div class=\"fusion-layout-column fusion_builder_column fusion-builder-column-4 fusion_builder_column_1_2 1_2 fusion-flex-column fusion-flex-align-self-center fusion-animated\" style=\"--awb-bg-size:cover;--awb-width-large:50%;--awb-margin-top-large:0px;--awb-spacing-right-large:3.84%;--awb-margin-bottom-large:20px;--awb-spacing-left-large:3.84%;--awb-width-medium:50%;--awb-order-medium:0;--awb-spacing-right-medium:3.84%;--awb-spacing-left-medium:3.84%;--awb-width-small:100%;--awb-order-small:0;--awb-spacing-right-small:1.92%;--awb-spacing-left-small:1.92%;\" data-animationType=\"zoomIn\" data-animationDuration=\"0.8\" data-animationOffset=\"top-into-view\" data-scroll-devices=\"small-visibility,medium-visibility,large-visibility\"><div class=\"fusion-column-wrapper fusion-column-has-shadow fusion-flex-justify-content-center fusion-content-layout-column\"><div class=\"fusion-image-element \" style=\"--awb-caption-title-font-family:var(--h2_typography-font-family);--awb-caption-title-font-weight:var(--h2_typography-font-weight);--awb-caption-title-font-style:var(--h2_typography-font-style);--awb-caption-title-size:var(--h2_typography-font-size);--awb-caption-title-transform:var(--h2_typography-text-transform);--awb-caption-title-line-height:var(--h2_typography-line-height);--awb-caption-title-letter-spacing:var(--h2_typography-letter-spacing);\"><span class=\" fusion-imageframe imageframe-none imageframe-2 hover-type-none\"><img decoding=\"async\" width=\"1080\" height=\"702\" src=\"https:\/\/www.amgaerostructure.com\/wp-content\/uploads\/2025\/06\/illustration-rafale.webp\" alt class=\"img-responsive wp-image-662\" srcset=\"https:\/\/www.amgaerostructure.com\/wp-content\/uploads\/2025\/06\/illustration-rafale-200x130.webp 200w, https:\/\/www.amgaerostructure.com\/wp-content\/uploads\/2025\/06\/illustration-rafale-300x195.webp 300w, https:\/\/www.amgaerostructure.com\/wp-content\/uploads\/2025\/06\/illustration-rafale-400x260.webp 400w, https:\/\/www.amgaerostructure.com\/wp-content\/uploads\/2025\/06\/illustration-rafale-600x390.webp 600w, https:\/\/www.amgaerostructure.com\/wp-content\/uploads\/2025\/06\/illustration-rafale-768x499.webp 768w, https:\/\/www.amgaerostructure.com\/wp-content\/uploads\/2025\/06\/illustration-rafale-800x520.webp 800w, https:\/\/www.amgaerostructure.com\/wp-content\/uploads\/2025\/06\/illustration-rafale-1024x666.webp 1024w, https:\/\/www.amgaerostructure.com\/wp-content\/uploads\/2025\/06\/illustration-rafale.webp 1080w\" sizes=\"(max-width: 640px) 100vw, 800px\" \/><\/span><\/div><\/div><\/div><div class=\"fusion-layout-column fusion_builder_column fusion-builder-column-5 fusion_builder_column_1_2 1_2 fusion-flex-column fusion-flex-align-self-center fusion-animated\" style=\"--awb-bg-size:cover;--awb-width-large:50%;--awb-margin-top-large:0px;--awb-spacing-right-large:3.84%;--awb-margin-bottom-large:20px;--awb-spacing-left-large:3.84%;--awb-width-medium:50%;--awb-order-medium:0;--awb-spacing-right-medium:3.84%;--awb-spacing-left-medium:3.84%;--awb-width-small:100%;--awb-order-small:0;--awb-spacing-right-small:1.92%;--awb-spacing-left-small:1.92%;\" data-animationType=\"slideShortInRight\" data-animationDuration=\"0.8\" data-animationOffset=\"top-into-view\" data-scroll-devices=\"small-visibility,medium-visibility,large-visibility\"><div class=\"fusion-column-wrapper fusion-column-has-shadow fusion-flex-justify-content-center fusion-content-layout-column\"><div class=\"fusion-title title fusion-title-4 fusion-sep-none fusion-title-center fusion-title-text fusion-title-size-two\" style=\"--awb-text-color:var(--awb-color5);--awb-margin-bottom:0px;\"><h2 class=\"fusion-title-heading title-heading-center fusion-responsive-typography-calculated\" style=\"margin:0;--fontSize:40;line-height:var(--awb-typography1-line-height);\">RAFALE Program - Dassault Aviation<\/h2><\/div><div class=\"fusion-title title fusion-title-5 fusion-sep-none fusion-title-center fusion-title-text fusion-title-size-three\" style=\"--awb-text-color:var(--awb-color4);--awb-margin-bottom:0px;\"><h3 class=\"fusion-title-heading title-heading-center fusion-responsive-typography-calculated\" style=\"margin:0;--fontSize:30;line-height:var(--awb-typography1-line-height);\">Strategic Technical Reinforcement<\/h3><\/div><div class=\"fusion-text fusion-text-3\" style=\"--awb-margin-top:25px;\"><p style=\"text-align: justify;\"><span style=\"font-size: 14pt;\"><strong>The Context<br \/>\n<\/strong><\/span>To support our client, a tier 1 subcontractor for Dassault Aviation, we urgently mobilized 5 experienced aeronautical technicians for the RAFALE program.<\/p>\n<p style=\"text-align: justify;\"><b>Objective<\/b><br \/>\nTo immediately address critical production and delivery challenges.<\/p>\n<p style=\"text-align: justify;\"><span style=\"font-size: 14pt;\"><strong>The AMG Solution<\/strong><\/span><\/p>\n<ul style=\"text-align: justify;\">\n<li>Rapid on-site deployment, smooth integration into the workshops, mastered product expertise.<\/li>\n<\/ul>\n<p style=\"text-align: justify;\"><span style=\"font-size: 14pt;\"><strong>The Result for Our Client<br \/>\n<\/strong><\/span>Thanks to our responsiveness and efficiency, DASSAULT AVIATION entrusted new work to our client, thereby strengthening the relationship of trust and industrial continuity.<\/p>\n<\/div><\/div><\/div><\/div><\/div><div class=\"fusion-fullwidth fullwidth-box fusion-builder-row-5 fusion-flex-container has-pattern-background has-mask-background nonhundred-percent-fullwidth non-hundred-percent-height-scrolling\" style=\"--awb-border-radius-top-left:0px;--awb-border-radius-top-right:0px;--awb-border-radius-bottom-right:0px;--awb-border-radius-bottom-left:0px;--awb-padding-bottom:50px;--awb-flex-wrap:wrap;\" ><div class=\"fusion-builder-row fusion-row fusion-flex-align-items-flex-start fusion-flex-content-wrap\" style=\"max-width:1456px;margin-left: calc(-4% \/ 2 );margin-right: calc(-4% \/ 2 );\"><div class=\"fusion-layout-column fusion_builder_column fusion-builder-column-6 fusion_builder_column_1_1 1_1 fusion-flex-column fusion-animated\" style=\"--awb-bg-size:cover;--awb-width-large:100%;--awb-margin-top-large:0px;--awb-spacing-right-large:1.92%;--awb-margin-bottom-large:20px;--awb-spacing-left-large:1.92%;--awb-width-medium:100%;--awb-order-medium:0;--awb-spacing-right-medium:1.92%;--awb-spacing-left-medium:1.92%;--awb-width-small:100%;--awb-order-small:0;--awb-spacing-right-small:1.92%;--awb-spacing-left-small:1.92%;\" data-animationType=\"zoomIn\" data-animationDuration=\"0.8\" data-animationOffset=\"top-into-view\" data-scroll-devices=\"small-visibility,medium-visibility,large-visibility\"><div class=\"fusion-column-wrapper fusion-column-has-shadow fusion-flex-justify-content-flex-start fusion-content-layout-column\"><div class=\"fusion-title title fusion-title-6 fusion-sep-none fusion-title-center fusion-title-text fusion-title-size-three\" style=\"--awb-text-color:var(--awb-color5);\"><h3 class=\"fusion-title-heading title-heading-center fusion-responsive-typography-calculated\" style=\"margin:0;--fontSize:30;line-height:var(--awb-typography1-line-height);\"><p>Facing a surge in activity?<br \/>\n<span style=\"color: #e20613;\">Need to strengthen your teams immediately?<\/span><\/p><\/h3><\/div><div class=\"fusion-text fusion-text-4\"><p style=\"text-align: center;\">Explore our areas of intervention or <span style=\"color: #030024;\"><a style=\"color: #030024;\" href=\"https:\/\/www.amgaerostructure.com\/nous-contacter\/\"><strong>contact us<\/strong><\/a><\/span> to discuss your project.<\/p>\n<\/div><\/div><\/div><\/div><\/div><\/p>\n","protected":false},"excerpt":{"rendered":"","protected":false},"author":1,"featured_media":0,"parent":0,"menu_order":0,"comment_status":"closed","ping_status":"closed","template":"100-width.php","meta":{"footnotes":""},"class_list":["post-661","page","type-page","status-publish","hentry"],"yoast_head":"<!-- This site is optimized with the Yoast SEO plugin v26.2 - https:\/\/yoast.com\/wordpress\/plugins\/seo\/ -->\n<title>Our Flagship Projects - AMG A\u00e9rostructure<\/title>\n<meta name=\"description\" content=\"Explore our Flagship Projects (Airbus A320, Rafale): Technical reinforcement, responsiveness, and tangible results. Contact us.\" \/>\n<meta name=\"robots\" content=\"index, follow, max-snippet:-1, max-image-preview:large, max-video-preview:-1\" \/>\n<link rel=\"canonical\" href=\"https:\/\/www.amgaerostructure.com\/en\/flagship-projects\/\" \/>\n<meta property=\"og:locale\" content=\"en_US\" \/>\n<meta property=\"og:type\" content=\"article\" \/>\n<meta property=\"og:title\" content=\"Our Flagship Projects - AMG A\u00e9rostructure\" \/>\n<meta property=\"og:description\" content=\"Explore our Flagship Projects (Airbus A320, Rafale): Technical reinforcement, responsiveness, and tangible results. Contact us.\" \/>\n<meta property=\"og:url\" content=\"https:\/\/www.amgaerostructure.com\/en\/flagship-projects\/\" \/>\n<meta property=\"og:site_name\" content=\"AMG A\u00e9rostructure\" \/>\n<meta property=\"article:modified_time\" content=\"2025-10-30T11:07:34+00:00\" \/>\n<meta name=\"twitter:card\" content=\"summary_large_image\" \/>\n<script type=\"application\/ld+json\" class=\"yoast-schema-graph\">{\"@context\":\"https:\/\/schema.org\",\"@graph\":[{\"@type\":\"WebPage\",\"@id\":\"https:\/\/www.amgaerostructure.com\/en\/flagship-projects\/\",\"url\":\"https:\/\/www.amgaerostructure.com\/en\/flagship-projects\/\",\"name\":\"Our Flagship Projects - AMG A\u00e9rostructure\",\"isPartOf\":{\"@id\":\"https:\/\/www.amgaerostructure.com\/en\/#website\"},\"datePublished\":\"2025-06-17T07:22:02+00:00\",\"dateModified\":\"2025-10-30T11:07:34+00:00\",\"description\":\"Explore our Flagship Projects (Airbus A320, Rafale): Technical reinforcement, responsiveness, and tangible results. Contact us.\",\"breadcrumb\":{\"@id\":\"https:\/\/www.amgaerostructure.com\/en\/flagship-projects\/#breadcrumb\"},\"inLanguage\":\"en-US\",\"potentialAction\":[{\"@type\":\"ReadAction\",\"target\":[\"https:\/\/www.amgaerostructure.com\/en\/flagship-projects\/\"]}]},{\"@type\":\"BreadcrumbList\",\"@id\":\"https:\/\/www.amgaerostructure.com\/en\/flagship-projects\/#breadcrumb\",\"itemListElement\":[{\"@type\":\"ListItem\",\"position\":1,\"name\":\"Accueil\",\"item\":\"https:\/\/www.amgaerostructure.com\/en\/home\/\"},{\"@type\":\"ListItem\",\"position\":2,\"name\":\"Flagship Projects\"}]},{\"@type\":\"WebSite\",\"@id\":\"https:\/\/www.amgaerostructure.com\/en\/#website\",\"url\":\"https:\/\/www.amgaerostructure.com\/en\/\",\"name\":\"AMG A\u00e9rostructure - Sp\u00e9cialiste de la sous-traitance a\u00e9ronautique\",\"description\":\"\",\"publisher\":{\"@id\":\"https:\/\/www.amgaerostructure.com\/en\/#organization\"},\"potentialAction\":[{\"@type\":\"SearchAction\",\"target\":{\"@type\":\"EntryPoint\",\"urlTemplate\":\"https:\/\/www.amgaerostructure.com\/en\/?s={search_term_string}\"},\"query-input\":{\"@type\":\"PropertyValueSpecification\",\"valueRequired\":true,\"valueName\":\"search_term_string\"}}],\"inLanguage\":\"en-US\"},{\"@type\":\"Organization\",\"@id\":\"https:\/\/www.amgaerostructure.com\/en\/#organization\",\"name\":\"AMG A\u00e9rostructure\",\"url\":\"https:\/\/www.amgaerostructure.com\/en\/\",\"logo\":{\"@type\":\"ImageObject\",\"inLanguage\":\"en-US\",\"@id\":\"https:\/\/www.amgaerostructure.com\/en\/#\/schema\/logo\/image\/\",\"url\":\"https:\/\/www.amgaerostructure.com\/wp-content\/uploads\/2025\/06\/Logo-AMG-Aerostructure.svg\",\"contentUrl\":\"https:\/\/www.amgaerostructure.com\/wp-content\/uploads\/2025\/06\/Logo-AMG-Aerostructure.svg\",\"width\":200,\"height\":86,\"caption\":\"AMG A\u00e9rostructure\"},\"image\":{\"@id\":\"https:\/\/www.amgaerostructure.com\/en\/#\/schema\/logo\/image\/\"},\"sameAs\":[\"https:\/\/www.linkedin.com\/in\/a-m-g-aerostructure-industry-7a9b3a12b\/\"]}]}<\/script>\n<!-- \/ Yoast SEO plugin. -->","yoast_head_json":{"title":"Our Flagship Projects - AMG A\u00e9rostructure","description":"Explore our Flagship Projects (Airbus A320, Rafale): Technical reinforcement, responsiveness, and tangible results. Contact us.","robots":{"index":"index","follow":"follow","max-snippet":"max-snippet:-1","max-image-preview":"max-image-preview:large","max-video-preview":"max-video-preview:-1"},"canonical":"https:\/\/www.amgaerostructure.com\/en\/flagship-projects\/","og_locale":"en_US","og_type":"article","og_title":"Our Flagship Projects - AMG A\u00e9rostructure","og_description":"Explore our Flagship Projects (Airbus A320, Rafale): Technical reinforcement, responsiveness, and tangible results. Contact us.","og_url":"https:\/\/www.amgaerostructure.com\/en\/flagship-projects\/","og_site_name":"AMG A\u00e9rostructure","article_modified_time":"2025-10-30T11:07:34+00:00","twitter_card":"summary_large_image","schema":{"@context":"https:\/\/schema.org","@graph":[{"@type":"WebPage","@id":"https:\/\/www.amgaerostructure.com\/en\/flagship-projects\/","url":"https:\/\/www.amgaerostructure.com\/en\/flagship-projects\/","name":"Our Flagship Projects - AMG A\u00e9rostructure","isPartOf":{"@id":"https:\/\/www.amgaerostructure.com\/en\/#website"},"datePublished":"2025-06-17T07:22:02+00:00","dateModified":"2025-10-30T11:07:34+00:00","description":"Explore our Flagship Projects (Airbus A320, Rafale): Technical reinforcement, responsiveness, and tangible results. Contact us.","breadcrumb":{"@id":"https:\/\/www.amgaerostructure.com\/en\/flagship-projects\/#breadcrumb"},"inLanguage":"en-US","potentialAction":[{"@type":"ReadAction","target":["https:\/\/www.amgaerostructure.com\/en\/flagship-projects\/"]}]},{"@type":"BreadcrumbList","@id":"https:\/\/www.amgaerostructure.com\/en\/flagship-projects\/#breadcrumb","itemListElement":[{"@type":"ListItem","position":1,"name":"Accueil","item":"https:\/\/www.amgaerostructure.com\/en\/home\/"},{"@type":"ListItem","position":2,"name":"Flagship Projects"}]},{"@type":"WebSite","@id":"https:\/\/www.amgaerostructure.com\/en\/#website","url":"https:\/\/www.amgaerostructure.com\/en\/","name":"AMG A\u00e9rostructure - Sp\u00e9cialiste de la sous-traitance a\u00e9ronautique","description":"","publisher":{"@id":"https:\/\/www.amgaerostructure.com\/en\/#organization"},"potentialAction":[{"@type":"SearchAction","target":{"@type":"EntryPoint","urlTemplate":"https:\/\/www.amgaerostructure.com\/en\/?s={search_term_string}"},"query-input":{"@type":"PropertyValueSpecification","valueRequired":true,"valueName":"search_term_string"}}],"inLanguage":"en-US"},{"@type":"Organization","@id":"https:\/\/www.amgaerostructure.com\/en\/#organization","name":"AMG A\u00e9rostructure","url":"https:\/\/www.amgaerostructure.com\/en\/","logo":{"@type":"ImageObject","inLanguage":"en-US","@id":"https:\/\/www.amgaerostructure.com\/en\/#\/schema\/logo\/image\/","url":"https:\/\/www.amgaerostructure.com\/wp-content\/uploads\/2025\/06\/Logo-AMG-Aerostructure.svg","contentUrl":"https:\/\/www.amgaerostructure.com\/wp-content\/uploads\/2025\/06\/Logo-AMG-Aerostructure.svg","width":200,"height":86,"caption":"AMG A\u00e9rostructure"},"image":{"@id":"https:\/\/www.amgaerostructure.com\/en\/#\/schema\/logo\/image\/"},"sameAs":["https:\/\/www.linkedin.com\/in\/a-m-g-aerostructure-industry-7a9b3a12b\/"]}]}},"_links":{"self":[{"href":"https:\/\/www.amgaerostructure.com\/en\/wp-json\/wp\/v2\/pages\/661","targetHints":{"allow":["GET"]}}],"collection":[{"href":"https:\/\/www.amgaerostructure.com\/en\/wp-json\/wp\/v2\/pages"}],"about":[{"href":"https:\/\/www.amgaerostructure.com\/en\/wp-json\/wp\/v2\/types\/page"}],"author":[{"embeddable":true,"href":"https:\/\/www.amgaerostructure.com\/en\/wp-json\/wp\/v2\/users\/1"}],"replies":[{"embeddable":true,"href":"https:\/\/www.amgaerostructure.com\/en\/wp-json\/wp\/v2\/comments?post=661"}],"version-history":[{"count":3,"href":"https:\/\/www.amgaerostructure.com\/en\/wp-json\/wp\/v2\/pages\/661\/revisions"}],"predecessor-version":[{"id":665,"href":"https:\/\/www.amgaerostructure.com\/en\/wp-json\/wp\/v2\/pages\/661\/revisions\/665"}],"wp:attachment":[{"href":"https:\/\/www.amgaerostructure.com\/en\/wp-json\/wp\/v2\/media?parent=661"}],"curies":[{"name":"wp","href":"https:\/\/api.w.org\/{rel}","templated":true}]}}